{"id":85,"date":"2018-08-31T15:15:33","date_gmt":"2018-08-31T13:15:33","guid":{"rendered":"http:\/\/oasisbeach-xi.be\/?page_id=85"},"modified":"2018-10-31T12:14:21","modified_gmt":"2018-10-31T11:14:21","slug":"le-climat-a-guardamar-del-segura","status":"publish","type":"page","link":"https:\/\/oasisbeach-xi.be\/index.php\/le-climat-a-guardamar-del-segura\/","title":{"rendered":"Climat \u00e0 Guardamar del Segura"},"content":{"rendered":"<p>Guardamar est entour\u00e9 de deux lacs d&rsquo;eau sal\u00e9e qui forment les Salinas de Guardamar. Ces lacs d&rsquo;eau sal\u00e9e constituent une r\u00e9serve naturelle nationale et attirent une grande vari\u00e9t\u00e9 d&rsquo;oiseaux.<\/p>\n<p>Les concentrations de sel et les temp\u00e9ratures chaudes conf\u00e8rent \u00e0 Guardamar ce que l\u2019on appelle un microclimat sain recommand\u00e9 par les m\u00e9decins pour divers maux, tels que les articulations respiratoires et douloureuses.<\/p>\n<p>Tout au long de l\u2019ann\u00e9e, Guardamar b\u00e9n\u00e9ficie de bonnes conditions m\u00e9t\u00e9orologiques. En \u00e9t\u00e9, les temp\u00e9ratures moyennes journali\u00e8res sont sup\u00e9rieures \u00e0 30 \u00b0 C et m\u00eame en hiver, les temp\u00e9ratures descendent rarement en dessous de 15 \u00b0 C, ce qui en fait de ce lieu, un endroit id\u00e9al pour des vacances toute l&rsquo;ann\u00e9e!<\/p>\n<p>&nbsp;<\/p>\n","protected":false},"excerpt":{"rendered":"<p>Guardamar est entour\u00e9 de deux lacs d&rsquo;eau sal\u00e9e qui forment les Salinas de Guardamar. Ces lacs d&rsquo;eau sal\u00e9e constituent une r\u00e9serve naturelle nationale et attirent une grande vari\u00e9t\u00e9 d&rsquo;oiseaux. Les concentrations de sel et les temp\u00e9ratures chaudes conf\u00e8rent \u00e0 Guardamar ce que l\u2019on appelle un microclimat sain recommand\u00e9 par les m\u00e9decins pour divers maux, tels &hellip; <\/p>\n<p class=\"link-more\"><a href=\"https:\/\/oasisbeach-xi.be\/index.php\/le-climat-a-guardamar-del-segura\/\" class=\"more-link\">Continuer la lecture<span class=\"screen-reader-text\"> de &laquo;&nbsp;Climat \u00e0 Guardamar del Segura&nbsp;&raquo;<\/span><\/a><\/p>\n","protected":false},"author":1,"featured_media":236,"parent":0,"menu_order":0,"comment_status":"closed","ping_status":"closed","template":"","meta":[],"_links":{"self":[{"href":"https:\/\/oasisbeach-xi.be\/index.php\/wp-json\/wp\/v2\/pages\/85"}],"collection":[{"href":"https:\/\/oasisbeach-xi.be\/index.php\/wp-json\/wp\/v2\/pages"}],"about":[{"href":"https:\/\/oasisbeach-xi.be\/index.php\/wp-json\/wp\/v2\/types\/page"}],"author":[{"embeddable":true,"href":"https:\/\/oasisbeach-xi.be\/index.php\/wp-json\/wp\/v2\/users\/1"}],"replies":[{"embeddable":true,"href":"https:\/\/oasisbeach-xi.be\/index.php\/wp-json\/wp\/v2\/comments?post=85"}],"version-history":[{"count":5,"href":"https:\/\/oasisbeach-xi.be\/index.php\/wp-json\/wp\/v2\/pages\/85\/revisions"}],"predecessor-version":[{"id":143,"href":"https:\/\/oasisbeach-xi.be\/index.php\/wp-json\/wp\/v2\/pages\/85\/revisions\/143"}],"wp:featuredmedia":[{"embeddable":true,"href":"https:\/\/oasisbeach-xi.be\/index.php\/wp-json\/wp\/v2\/media\/236"}],"wp:attachment":[{"href":"https:\/\/oasisbeach-xi.be\/index.php\/wp-json\/wp\/v2\/media?parent=85"}],"curies":[{"name":"wp","href":"https:\/\/api.w.org\/{rel}","templated":true}]}}