{"id":83,"date":"2018-08-31T15:15:13","date_gmt":"2018-08-31T13:15:13","guid":{"rendered":"http:\/\/oasisbeach-xi.be\/?page_id=83"},"modified":"2021-10-17T20:43:36","modified_gmt":"2021-10-17T18:43:36","slug":"les-activites-possibles","status":"publish","type":"page","link":"https:\/\/oasisbeach-xi.be\/index.php\/les-activites-possibles\/","title":{"rendered":"Activit\u00e9s"},"content":{"rendered":"<p>Vous pouvez passer vos vacances \u00e0 Guardamar simplement en profitant des plages, des restaurants et des caf\u00e9s, mais si vous souhaitez explorer la Costa Blanca, de nombreuses excursions d&rsquo;une journ\u00e9e \u00e0 l&rsquo;ext\u00e9rieur de Guardamar valent le d\u00e9tour!<\/p>\n<h5 style=\"text-align: center;\"><strong>Nos coups de coeur:<\/strong><\/h5>\n<h6 style=\"text-align: center;\"><strong>La plage d&rsquo;El Campo<\/strong><\/h6>\n<p><img decoding=\"async\" loading=\"lazy\" class=\"aligncenter wp-image-604 size-large\" src=\"http:\/\/oasisbeach-xi.be\/wp-content\/uploads\/2019\/04\/image004-1-1024x619.png\" alt=\"\" width=\"525\" height=\"317\" srcset=\"https:\/\/oasisbeach-xi.be\/wp-content\/uploads\/2019\/04\/image004-1-1024x619.png 1024w, https:\/\/oasisbeach-xi.be\/wp-content\/uploads\/2019\/04\/image004-1-300x181.png 300w, https:\/\/oasisbeach-xi.be\/wp-content\/uploads\/2019\/04\/image004-1-768x464.png 768w, https:\/\/oasisbeach-xi.be\/wp-content\/uploads\/2019\/04\/image004-1.png 1031w\" sizes=\"(max-width: 525px) 100vw, 525px\" \/><\/p>\n<p><img decoding=\"async\" loading=\"lazy\" class=\"alignnone size-medium wp-image-726\" src=\"http:\/\/oasisbeach-xi.be\/wp-content\/uploads\/2019\/05\/Pont_bleu-300x207.png\" alt=\"\" width=\"300\" height=\"207\" srcset=\"https:\/\/oasisbeach-xi.be\/wp-content\/uploads\/2019\/05\/Pont_bleu-300x207.png 300w, https:\/\/oasisbeach-xi.be\/wp-content\/uploads\/2019\/05\/Pont_bleu.png 658w\" sizes=\"(max-width: 300px) 100vw, 300px\" \/><\/p>\n<p>Nous vous conseillons la plage d&rsquo;El Campo, la plus proche du penthouse, pour y arriver, prenez votre v\u00e9hicule et suivez le plan, emprunter la N332 direction Cartagena, sortez \u00e0 300m avant le pont bleu.<\/p>\n<p>Ensuite, stationnez-vous le long de la\u00a0 N332 (parking gratuit).<\/p>\n<p>Prenez le pont bleu \u00e0 pied afin de traverser la N332 et empruntez le ponton de bois qui vous am\u00e8nera tout droit sur la plage.<\/p>\n<p><img decoding=\"async\" loading=\"lazy\" class=\"alignnone size-medium wp-image-279\" src=\"http:\/\/oasisbeach-xi.be\/wp-content\/uploads\/2018\/10\/20180820_164253-e1540988709921-225x300.jpg\" alt=\"\" width=\"225\" height=\"300\" srcset=\"https:\/\/oasisbeach-xi.be\/wp-content\/uploads\/2018\/10\/20180820_164253-e1540988709921-225x300.jpg 225w, https:\/\/oasisbeach-xi.be\/wp-content\/uploads\/2018\/10\/20180820_164253-e1540988709921-768x1024.jpg 768w\" sizes=\"(max-width: 225px) 100vw, 225px\" \/><\/p>\n<p>D\u00e9couvrez les paysages au fur et \u00e0 mesure de vos pas, humez la sublime odeur des pins le long de votre trajet et profitez de bons moments sur cette plage sublime.<\/p>\n<p>&nbsp;<\/p>\n<style type=\"text\/css\">.easingslider-703 { max-width: 640px; }.easingslider-703 .easingslider-image { max-height: 400px; max-width: 640px; }.easingslider-703 .easingslider-fade-in, .easingslider-fade-out { -webkit-animation-duration: 400ms; -moz-animation-duration: 400ms; animation-duration: 400ms; }<\/style><script type=\"text\/javascript\">window.EasingSlider703 = {\"width\":640,\"height\":400,\"singleItem\":true,\"items\":1,\"itemsDesktop\":false,\"itemsDesktopSmall\":false,\"itemsTablet\":false,\"itemsTabletSmall\":false,\"itemsMobile\":false,\"responsive\":true,\"lazyLoad\":true,\"autoPlay\":4000,\"slideSpeed\":400,\"navigation\":true,\"navigationText\":[\"\",\"\"],\"pagination\":true,\"autoHeight\":false,\"mouseDrag\":false,\"touchDrag\":false,\"addClassActive\":true,\"transitionStyle\":\"fade\"};<\/script><div data-id=\"703\" class=\"easingslider easingslider-703 easingslider-container easingslider-resizing-enabled easingslider-aspect-ratio easingslider-arrows-inside easingslider-pagination-inside easingslider-pagination-bottom-center\"><div class=\"easingslider-slide\"><img src=\"https:\/\/oasisbeach-xi.be\/wp-content\/plugins\/easing-slider\/assets\/images\/placeholder-pixel.png\" data-src=\"https:\/\/oasisbeach-xi.be\/wp-content\/uploads\/2019\/05\/20190410_155435-e1557055773577-640x400.jpg\" alt=\"\" title=\"\" class=\"easingslider-image easingslider-lazy\" \/><\/div><div class=\"easingslider-slide\"><img src=\"https:\/\/oasisbeach-xi.be\/wp-content\/plugins\/easing-slider\/assets\/images\/placeholder-pixel.png\" data-src=\"https:\/\/oasisbeach-xi.be\/wp-content\/uploads\/2018\/10\/20181003_123122-e1541002887797-640x400.jpg\" alt=\"\" title=\"\" class=\"easingslider-image easingslider-lazy\" \/><\/div><div class=\"easingslider-slide\"><img src=\"https:\/\/oasisbeach-xi.be\/wp-content\/plugins\/easing-slider\/assets\/images\/placeholder-pixel.png\" data-src=\"https:\/\/oasisbeach-xi.be\/wp-content\/uploads\/2018\/10\/20181003_122649-640x400.jpg\" alt=\"\" title=\"\" class=\"easingslider-image easingslider-lazy\" \/><\/div><div class=\"easingslider-slide\"><img src=\"https:\/\/oasisbeach-xi.be\/wp-content\/plugins\/easing-slider\/assets\/images\/placeholder-pixel.png\" data-src=\"https:\/\/oasisbeach-xi.be\/wp-content\/uploads\/2018\/10\/20180820_164914-e1541003260261-640x400.jpg\" alt=\"\" title=\"\" class=\"easingslider-image easingslider-lazy\" \/><\/div><div class=\"easingslider-slide\"><img src=\"https:\/\/oasisbeach-xi.be\/wp-content\/plugins\/easing-slider\/assets\/images\/placeholder-pixel.png\" data-src=\"https:\/\/oasisbeach-xi.be\/wp-content\/uploads\/2018\/10\/20180820_164652-1-640x400.jpg\" alt=\"\" title=\"\" class=\"easingslider-image easingslider-lazy\" \/><\/div><div class=\"easingslider-slide\"><img src=\"https:\/\/oasisbeach-xi.be\/wp-content\/plugins\/easing-slider\/assets\/images\/placeholder-pixel.png\" data-src=\"https:\/\/oasisbeach-xi.be\/wp-content\/uploads\/2019\/05\/20190410_155329-e1557055740104-640x400.jpg\" alt=\"\" title=\"\" class=\"easingslider-image easingslider-lazy\" \/><\/div><div class=\"easingslider-slide\"><img src=\"https:\/\/oasisbeach-xi.be\/wp-content\/plugins\/easing-slider\/assets\/images\/placeholder-pixel.png\" data-src=\"https:\/\/oasisbeach-xi.be\/wp-content\/uploads\/2018\/10\/20181003_124111-e1540997055712-640x400.jpg\" alt=\"\" title=\"\" class=\"easingslider-image easingslider-lazy\" \/><\/div><div class=\"easingslider-slide\"><img src=\"https:\/\/oasisbeach-xi.be\/wp-content\/plugins\/easing-slider\/assets\/images\/placeholder-pixel.png\" data-src=\"https:\/\/oasisbeach-xi.be\/wp-content\/uploads\/2019\/05\/20190410_163758-e1557055759755-640x400.jpg\" alt=\"\" title=\"\" class=\"easingslider-image easingslider-lazy\" \/><\/div><div class=\"easingslider-slide\"><img src=\"https:\/\/oasisbeach-xi.be\/wp-content\/plugins\/easing-slider\/assets\/images\/placeholder-pixel.png\" data-src=\"https:\/\/oasisbeach-xi.be\/wp-content\/uploads\/2018\/10\/20181003_124105-e1541002872873-640x400.jpg\" alt=\"\" title=\"\" class=\"easingslider-image easingslider-lazy\" \/><\/div><div class=\"easingslider-slide\"><img src=\"https:\/\/oasisbeach-xi.be\/wp-content\/plugins\/easing-slider\/assets\/images\/placeholder-pixel.png\" data-src=\"https:\/\/oasisbeach-xi.be\/wp-content\/uploads\/2019\/05\/20190410_164857-e1557055798200-640x400.jpg\" alt=\"\" title=\"\" class=\"easingslider-image easingslider-lazy\" \/><\/div><\/div>\n<p>&nbsp;<\/p>\n<h6 style=\"text-align: center;\"><strong>Elche ( la ville aux 1000 palmiers )<\/strong><\/h6>\n<p>&nbsp;<\/p>\n<p><em>Nous vous conseillons de vous rendre dans la vile d&rsquo;Elche situ\u00e9e \u00e0 29 km du penthouse et d&rsquo;y d\u00e9couvrir la plus grande palmeraie d&rsquo;Europe. Cet endroit magique vous sublimera. D\u00e9couvrez des palmiers hors du commun, profitez de la qui\u00e9tude des lieux et impr\u00e9gnez-vous de sa douceur.<\/em><\/p>\n<style type=\"text\/css\">.easingslider-702 { max-width: 640px; }.easingslider-702 .easingslider-fade-in, .easingslider-fade-out { -webkit-animation-duration: 400ms; -moz-animation-duration: 400ms; animation-duration: 400ms; }<\/style><script type=\"text\/javascript\">window.EasingSlider702 = {\"width\":640,\"height\":400,\"singleItem\":true,\"items\":1,\"itemsDesktop\":false,\"itemsDesktopSmall\":false,\"itemsTablet\":false,\"itemsTabletSmall\":false,\"itemsMobile\":false,\"responsive\":true,\"lazyLoad\":true,\"autoPlay\":false,\"slideSpeed\":400,\"navigation\":true,\"navigationText\":[\"\",\"\"],\"pagination\":true,\"autoHeight\":true,\"mouseDrag\":false,\"touchDrag\":false,\"addClassActive\":true,\"transitionStyle\":\"fade\"};<\/script><div data-id=\"702\" class=\"easingslider easingslider-702 easingslider-container easingslider-auto-height easingslider-arrows-inside easingslider-pagination-inside easingslider-pagination-bottom-center\"><div class=\"easingslider-slide\"><img src=\"https:\/\/oasisbeach-xi.be\/wp-content\/plugins\/easing-slider\/assets\/images\/placeholder-pixel.png\" data-src=\"https:\/\/oasisbeach-xi.be\/wp-content\/uploads\/2019\/05\/20190411_160327-e1557057536538.jpg\" alt=\"\" title=\"\" class=\"easingslider-image easingslider-lazy\" \/><\/div><div class=\"easingslider-slide\"><img src=\"https:\/\/oasisbeach-xi.be\/wp-content\/plugins\/easing-slider\/assets\/images\/placeholder-pixel.png\" data-src=\"https:\/\/oasisbeach-xi.be\/wp-content\/uploads\/2019\/04\/IMG-20190216-WA0003-e1554193581734.jpeg\" alt=\"\" title=\"\" class=\"easingslider-image easingslider-lazy\" \/><\/div><div class=\"easingslider-slide\"><img src=\"https:\/\/oasisbeach-xi.be\/wp-content\/plugins\/easing-slider\/assets\/images\/placeholder-pixel.png\" data-src=\"https:\/\/oasisbeach-xi.be\/wp-content\/uploads\/2019\/05\/IMG-20190412-WA0006.jpg\" alt=\"\" title=\"\" class=\"easingslider-image easingslider-lazy\" \/><\/div><div class=\"easingslider-slide\"><img src=\"https:\/\/oasisbeach-xi.be\/wp-content\/plugins\/easing-slider\/assets\/images\/placeholder-pixel.png\" data-src=\"https:\/\/oasisbeach-xi.be\/wp-content\/uploads\/2019\/05\/20190411_155821-e1557058629392.jpg\" alt=\"\" title=\"\" class=\"easingslider-image easingslider-lazy\" \/><\/div><div class=\"easingslider-slide\"><img src=\"https:\/\/oasisbeach-xi.be\/wp-content\/plugins\/easing-slider\/assets\/images\/placeholder-pixel.png\" data-src=\"https:\/\/oasisbeach-xi.be\/wp-content\/uploads\/2019\/05\/IMG-20190412-WA0017.jpg\" alt=\"\" title=\"\" class=\"easingslider-image easingslider-lazy\" \/><\/div><div class=\"easingslider-slide\"><img src=\"https:\/\/oasisbeach-xi.be\/wp-content\/plugins\/easing-slider\/assets\/images\/placeholder-pixel.png\" data-src=\"https:\/\/oasisbeach-xi.be\/wp-content\/uploads\/2019\/05\/20190411_155227-e1557058650868.jpg\" alt=\"\" title=\"\" class=\"easingslider-image easingslider-lazy\" \/><\/div><div class=\"easingslider-slide\"><img src=\"https:\/\/oasisbeach-xi.be\/wp-content\/plugins\/easing-slider\/assets\/images\/placeholder-pixel.png\" data-src=\"https:\/\/oasisbeach-xi.be\/wp-content\/uploads\/2019\/05\/20190411_155258-e1557057504305.jpg\" alt=\"\" title=\"\" class=\"easingslider-image easingslider-lazy\" \/><\/div><div class=\"easingslider-slide\"><img src=\"https:\/\/oasisbeach-xi.be\/wp-content\/plugins\/easing-slider\/assets\/images\/placeholder-pixel.png\" data-src=\"https:\/\/oasisbeach-xi.be\/wp-content\/uploads\/2019\/05\/20190411_155155-e1557057546912.jpg\" alt=\"\" title=\"\" class=\"easingslider-image easingslider-lazy\" \/><\/div><div class=\"easingslider-slide\"><img src=\"https:\/\/oasisbeach-xi.be\/wp-content\/plugins\/easing-slider\/assets\/images\/placeholder-pixel.png\" data-src=\"https:\/\/oasisbeach-xi.be\/wp-content\/uploads\/2018\/10\/20180821_204200-e1557058497391.jpg\" alt=\"\" title=\"\" class=\"easingslider-image easingslider-lazy\" \/><\/div><div class=\"easingslider-slide\"><img src=\"https:\/\/oasisbeach-xi.be\/wp-content\/plugins\/easing-slider\/assets\/images\/placeholder-pixel.png\" data-src=\"https:\/\/oasisbeach-xi.be\/wp-content\/uploads\/2018\/10\/20180821_204639-e1541003165908.jpg\" alt=\"\" title=\"\" class=\"easingslider-image easingslider-lazy\" \/><\/div><div class=\"easingslider-slide\"><img src=\"https:\/\/oasisbeach-xi.be\/wp-content\/plugins\/easing-slider\/assets\/images\/placeholder-pixel.png\" data-src=\"https:\/\/oasisbeach-xi.be\/wp-content\/uploads\/2018\/10\/20180821_205311.jpg\" alt=\"\" title=\"\" class=\"easingslider-image easingslider-lazy\" \/><\/div><div class=\"easingslider-slide\"><img src=\"https:\/\/oasisbeach-xi.be\/wp-content\/plugins\/easing-slider\/assets\/images\/placeholder-pixel.png\" data-src=\"https:\/\/oasisbeach-xi.be\/wp-content\/uploads\/2019\/05\/20190411_152544-e1557058671276.jpg\" alt=\"\" title=\"\" class=\"easingslider-image easingslider-lazy\" \/><\/div><div class=\"easingslider-slide\"><img src=\"https:\/\/oasisbeach-xi.be\/wp-content\/plugins\/easing-slider\/assets\/images\/placeholder-pixel.png\" data-src=\"https:\/\/oasisbeach-xi.be\/wp-content\/uploads\/2019\/05\/20190411_153149-e1557058762801.jpg\" alt=\"\" title=\"\" class=\"easingslider-image easingslider-lazy\" \/><\/div><div class=\"easingslider-slide\"><img src=\"https:\/\/oasisbeach-xi.be\/wp-content\/plugins\/easing-slider\/assets\/images\/placeholder-pixel.png\" data-src=\"https:\/\/oasisbeach-xi.be\/wp-content\/uploads\/2019\/05\/20190411_151218-1-e1557057611761.jpg\" alt=\"\" title=\"\" class=\"easingslider-image easingslider-lazy\" \/><\/div><div class=\"easingslider-slide\"><img src=\"https:\/\/oasisbeach-xi.be\/wp-content\/plugins\/easing-slider\/assets\/images\/placeholder-pixel.png\" data-src=\"https:\/\/oasisbeach-xi.be\/wp-content\/uploads\/2018\/10\/20180821_211015.jpg\" alt=\"\" title=\"\" class=\"easingslider-image easingslider-lazy\" \/><\/div><\/div>\n<p>&nbsp;<\/p>\n<p>En face du penthouse, une promenade longue d&rsquo;un kilom\u00e8tre entre La Mata et Guardamar del Segura offre des heures de plaisir \u00e0 pied ou \u00e0 v\u00e9lo. Ici, vous pourrez profiter de nombreux bars \u00e0 tapas, restaurants, boutiques, bars lounge branch\u00e9s.<\/p>\n<h4><strong>El Castillo de Santa Barbara (Alicante)<\/strong><\/h4>\n<p>Surplombant le port d&rsquo;Alicante, la visite de ce chateau fera le bonheur des petits comme des grands.\u00a0Ce chateau datant du\u00a0<abbr class=\"abbr\" title=\"9\u1d49 si\u00e8cle\"><span class=\"romain\">ix<\/span><sup>e<\/sup><\/abbr>\u00a0si\u00e8cle au moment de la domination musulmane de la p\u00e9ninsule ib\u00e9rique.<\/p>\n<style type=\"text\/css\">.easingslider-757 { max-width: 640px; }.easingslider-757 .easingslider-image { max-height: 400px; max-width: 640px; }.easingslider-757 .easingslider-fade-in, .easingslider-fade-out { -webkit-animation-duration: 400ms; -moz-animation-duration: 400ms; animation-duration: 400ms; }<\/style><script type=\"text\/javascript\">window.EasingSlider757 = {\"width\":640,\"height\":400,\"singleItem\":true,\"items\":1,\"itemsDesktop\":false,\"itemsDesktopSmall\":false,\"itemsTablet\":false,\"itemsTabletSmall\":false,\"itemsMobile\":false,\"responsive\":true,\"lazyLoad\":true,\"autoPlay\":4000,\"slideSpeed\":400,\"navigation\":true,\"navigationText\":[\"\",\"\"],\"pagination\":true,\"autoHeight\":false,\"mouseDrag\":false,\"touchDrag\":false,\"addClassActive\":true,\"transitionStyle\":\"fade\"};<\/script><div data-id=\"757\" class=\"easingslider easingslider-757 easingslider-container easingslider-resizing-enabled easingslider-aspect-ratio easingslider-arrows-inside easingslider-pagination-inside easingslider-pagination-bottom-center\"><div class=\"easingslider-slide\"><img src=\"https:\/\/oasisbeach-xi.be\/wp-content\/plugins\/easing-slider\/assets\/images\/placeholder-pixel.png\" data-src=\"https:\/\/oasisbeach-xi.be\/wp-content\/uploads\/2019\/05\/IMG-20190412-WA0032-e1557059596105-640x400.jpg\" alt=\"\" title=\"\" class=\"easingslider-image easingslider-lazy\" \/><\/div><div class=\"easingslider-slide\"><img src=\"https:\/\/oasisbeach-xi.be\/wp-content\/plugins\/easing-slider\/assets\/images\/placeholder-pixel.png\" data-src=\"https:\/\/oasisbeach-xi.be\/wp-content\/uploads\/2019\/05\/IMG-20190413-WA0000-e1557059612376-640x400.jpg\" alt=\"\" title=\"\" class=\"easingslider-image easingslider-lazy\" \/><\/div><div class=\"easingslider-slide\"><img src=\"https:\/\/oasisbeach-xi.be\/wp-content\/plugins\/easing-slider\/assets\/images\/placeholder-pixel.png\" data-src=\"https:\/\/oasisbeach-xi.be\/wp-content\/uploads\/2019\/05\/IMG-20190412-WA0029-640x400.jpg\" alt=\"\" title=\"\" class=\"easingslider-image easingslider-lazy\" \/><\/div><div class=\"easingslider-slide\"><img src=\"https:\/\/oasisbeach-xi.be\/wp-content\/plugins\/easing-slider\/assets\/images\/placeholder-pixel.png\" data-src=\"https:\/\/oasisbeach-xi.be\/wp-content\/uploads\/2019\/05\/IMG-20190412-WA0030-640x400.jpg\" alt=\"\" title=\"\" class=\"easingslider-image easingslider-lazy\" \/><\/div><\/div>\n<p>&nbsp;<\/p>\n<p><a href=\"https:\/\/fr.tripadvisor.be\/Attraction_Review-g1064230-d1808500-Reviews-Castillo_de_Santa_Barbara-Alicante_Costa_Blanca_Province_of_Alicante_Valencian_C.html\">https:\/\/fr.tripadvisor.be\/Attraction_Review-g1064230-d1808500-Reviews-Castillo_de_Santa_Barbara-Alicante_Costa_Blanca_Province_of_Alicante_Valencian_C.html<\/a><\/p>\n<p><strong>Faire du parapente \u00e0 Santa Pola<\/strong> (avec Parapente Aventura)<\/p>\n<p><img decoding=\"async\" loading=\"lazy\" class=\"alignnone wp-image-781\" src=\"http:\/\/oasisbeach-xi.be\/wp-content\/uploads\/2021\/10\/IMG-20210720-WA0042-169x300.jpg\" alt=\"\" width=\"211\" height=\"375\" srcset=\"https:\/\/oasisbeach-xi.be\/wp-content\/uploads\/2021\/10\/IMG-20210720-WA0042-169x300.jpg 169w, https:\/\/oasisbeach-xi.be\/wp-content\/uploads\/2021\/10\/IMG-20210720-WA0042-768x1365.jpg 768w, https:\/\/oasisbeach-xi.be\/wp-content\/uploads\/2021\/10\/IMG-20210720-WA0042-576x1024.jpg 576w, https:\/\/oasisbeach-xi.be\/wp-content\/uploads\/2021\/10\/IMG-20210720-WA0042.jpg 1134w\" sizes=\"(max-width: 211px) 100vw, 211px\" \/><\/p>\n<p><img decoding=\"async\" loading=\"lazy\" class=\"size-medium wp-image-775 aligncenter\" src=\"http:\/\/oasisbeach-xi.be\/wp-content\/uploads\/2021\/10\/IMG_20210720_125553_1221-300x300.jpg\" alt=\"\" width=\"300\" height=\"300\" srcset=\"https:\/\/oasisbeach-xi.be\/wp-content\/uploads\/2021\/10\/IMG_20210720_125553_1221-300x300.jpg 300w, https:\/\/oasisbeach-xi.be\/wp-content\/uploads\/2021\/10\/IMG_20210720_125553_1221-150x150.jpg 150w, https:\/\/oasisbeach-xi.be\/wp-content\/uploads\/2021\/10\/IMG_20210720_125553_1221-768x768.jpg 768w, https:\/\/oasisbeach-xi.be\/wp-content\/uploads\/2021\/10\/IMG_20210720_125553_1221-1024x1024.jpg 1024w, https:\/\/oasisbeach-xi.be\/wp-content\/uploads\/2021\/10\/IMG_20210720_125553_1221-100x100.jpg 100w, https:\/\/oasisbeach-xi.be\/wp-content\/uploads\/2021\/10\/IMG_20210720_125553_1221.jpg 1440w\" sizes=\"(max-width: 300px) 100vw, 300px\" \/><\/p>\n<p><strong>Faire du Jet Ski \u00e0 Pedro del Pinatar <\/strong>(avec Adventure Jet Ski)<strong><br \/>\n<\/strong><\/p>\n<p><img decoding=\"async\" loading=\"lazy\" class=\"alignnone size-medium wp-image-776\" src=\"http:\/\/oasisbeach-xi.be\/wp-content\/uploads\/2021\/10\/IMG_20210723_190123_646-300x225.jpg\" alt=\"\" width=\"300\" height=\"225\" srcset=\"https:\/\/oasisbeach-xi.be\/wp-content\/uploads\/2021\/10\/IMG_20210723_190123_646-300x225.jpg 300w, https:\/\/oasisbeach-xi.be\/wp-content\/uploads\/2021\/10\/IMG_20210723_190123_646-768x576.jpg 768w, https:\/\/oasisbeach-xi.be\/wp-content\/uploads\/2021\/10\/IMG_20210723_190123_646-1024x768.jpg 1024w, https:\/\/oasisbeach-xi.be\/wp-content\/uploads\/2021\/10\/IMG_20210723_190123_646.jpg 1440w\" sizes=\"(max-width: 300px) 100vw, 300px\" \/><\/p>\n<p><strong>Faire du quad autour de Embalse de la Pedrera <\/strong>(avec Costa Blanca Tours)<strong><br \/>\n<\/strong><\/p>\n<p><img decoding=\"async\" loading=\"lazy\" class=\"alignnone size-medium wp-image-777\" src=\"http:\/\/oasisbeach-xi.be\/wp-content\/uploads\/2021\/10\/IMG-20210803-WA0002-300x225.jpg\" alt=\"\" width=\"300\" height=\"225\" srcset=\"https:\/\/oasisbeach-xi.be\/wp-content\/uploads\/2021\/10\/IMG-20210803-WA0002-300x225.jpg 300w, https:\/\/oasisbeach-xi.be\/wp-content\/uploads\/2021\/10\/IMG-20210803-WA0002-768x576.jpg 768w, https:\/\/oasisbeach-xi.be\/wp-content\/uploads\/2021\/10\/IMG-20210803-WA0002-1024x768.jpg 1024w, https:\/\/oasisbeach-xi.be\/wp-content\/uploads\/2021\/10\/IMG-20210803-WA0002.jpg 1600w\" sizes=\"(max-width: 300px) 100vw, 300px\" \/><\/p>\n<p><strong>Faire du karting \u00e0 Guardamar del Segura<\/strong> (avec Go-Karts San Fulgencio)<\/p>\n<p><img decoding=\"async\" loading=\"lazy\" class=\"alignnone size-medium wp-image-783\" src=\"http:\/\/oasisbeach-xi.be\/wp-content\/uploads\/2021\/10\/IMG_20200805_233016_273-300x300.jpg\" alt=\"\" width=\"300\" height=\"300\" srcset=\"https:\/\/oasisbeach-xi.be\/wp-content\/uploads\/2021\/10\/IMG_20200805_233016_273-300x300.jpg 300w, https:\/\/oasisbeach-xi.be\/wp-content\/uploads\/2021\/10\/IMG_20200805_233016_273-150x150.jpg 150w, https:\/\/oasisbeach-xi.be\/wp-content\/uploads\/2021\/10\/IMG_20200805_233016_273-100x100.jpg 100w, https:\/\/oasisbeach-xi.be\/wp-content\/uploads\/2021\/10\/IMG_20200805_233016_273.jpg 533w\" sizes=\"(max-width: 300px) 100vw, 300px\" \/><\/p>\n<p><strong>D\u00e9tendre ses pieds dans le sel\u00a0 dans les Salinas du Parc Natural de Las Lagunas de La Mata y Torrevieja<\/strong><\/p>\n<p><img decoding=\"async\" loading=\"lazy\" class=\"alignnone size-medium wp-image-784\" src=\"http:\/\/oasisbeach-xi.be\/wp-content\/uploads\/2021\/10\/IMG_20200730_210343_009-300x300.jpg\" alt=\"\" width=\"300\" height=\"300\" srcset=\"https:\/\/oasisbeach-xi.be\/wp-content\/uploads\/2021\/10\/IMG_20200730_210343_009-300x300.jpg 300w, https:\/\/oasisbeach-xi.be\/wp-content\/uploads\/2021\/10\/IMG_20200730_210343_009-150x150.jpg 150w, https:\/\/oasisbeach-xi.be\/wp-content\/uploads\/2021\/10\/IMG_20200730_210343_009-768x768.jpg 768w, https:\/\/oasisbeach-xi.be\/wp-content\/uploads\/2021\/10\/IMG_20200730_210343_009-1024x1024.jpg 1024w, https:\/\/oasisbeach-xi.be\/wp-content\/uploads\/2021\/10\/IMG_20200730_210343_009-100x100.jpg 100w, https:\/\/oasisbeach-xi.be\/wp-content\/uploads\/2021\/10\/IMG_20200730_210343_009.jpg 1440w\" sizes=\"(max-width: 300px) 100vw, 300px\" \/><\/p>\n<p><img decoding=\"async\" loading=\"lazy\" class=\"size-medium wp-image-785 aligncenter\" src=\"http:\/\/oasisbeach-xi.be\/wp-content\/uploads\/2021\/10\/20200730_164800-300x225.jpg\" alt=\"\" width=\"300\" height=\"225\" srcset=\"https:\/\/oasisbeach-xi.be\/wp-content\/uploads\/2021\/10\/20200730_164800-300x225.jpg 300w, https:\/\/oasisbeach-xi.be\/wp-content\/uploads\/2021\/10\/20200730_164800-768x576.jpg 768w, https:\/\/oasisbeach-xi.be\/wp-content\/uploads\/2021\/10\/20200730_164800-1024x768.jpg 1024w\" sizes=\"(max-width: 300px) 100vw, 300px\" \/><\/p>\n<p>L&rsquo;a\u00e9roport de San Javier \u00e0 40 minutes et celui d&rsquo;Alicante \u00e0 35 minutes sont facilement et rapidement accessibles.<\/p>\n<p>&nbsp;<\/p>\n<p>&nbsp;<\/p>\n<p>&nbsp;<\/p>\n<div id=\"ConnectiveDocSignExtentionInstalled\" data-extension-version=\"1.0.4\"><\/div>\n","protected":false},"excerpt":{"rendered":"<p>Vous pouvez passer vos vacances \u00e0 Guardamar simplement en profitant des plages, des restaurants et des caf\u00e9s, mais si vous souhaitez explorer la Costa Blanca, de nombreuses excursions d&rsquo;une journ\u00e9e \u00e0 l&rsquo;ext\u00e9rieur de Guardamar valent le d\u00e9tour! Nos coups de coeur: La plage d&rsquo;El Campo Nous vous conseillons la plage d&rsquo;El Campo, la plus proche &hellip; <\/p>\n<p class=\"link-more\"><a href=\"https:\/\/oasisbeach-xi.be\/index.php\/les-activites-possibles\/\" class=\"more-link\">Continuer la lecture<span class=\"screen-reader-text\"> de &laquo;&nbsp;Activit\u00e9s&nbsp;&raquo;<\/span><\/a><\/p>\n","protected":false},"author":1,"featured_media":235,"parent":0,"menu_order":0,"comment_status":"closed","ping_status":"closed","template":"","meta":[],"_links":{"self":[{"href":"https:\/\/oasisbeach-xi.be\/index.php\/wp-json\/wp\/v2\/pages\/83"}],"collection":[{"href":"https:\/\/oasisbeach-xi.be\/index.php\/wp-json\/wp\/v2\/pages"}],"about":[{"href":"https:\/\/oasisbeach-xi.be\/index.php\/wp-json\/wp\/v2\/types\/page"}],"author":[{"embeddable":true,"href":"https:\/\/oasisbeach-xi.be\/index.php\/wp-json\/wp\/v2\/users\/1"}],"replies":[{"embeddable":true,"href":"https:\/\/oasisbeach-xi.be\/index.php\/wp-json\/wp\/v2\/comments?post=83"}],"version-history":[{"count":31,"href":"https:\/\/oasisbeach-xi.be\/index.php\/wp-json\/wp\/v2\/pages\/83\/revisions"}],"predecessor-version":[{"id":788,"href":"https:\/\/oasisbeach-xi.be\/index.php\/wp-json\/wp\/v2\/pages\/83\/revisions\/788"}],"wp:featuredmedia":[{"embeddable":true,"href":"https:\/\/oasisbeach-xi.be\/index.php\/wp-json\/wp\/v2\/media\/235"}],"wp:attachment":[{"href":"https:\/\/oasisbeach-xi.be\/index.php\/wp-json\/wp\/v2\/media?parent=83"}],"curies":[{"name":"wp","href":"https:\/\/api.w.org\/{rel}","templated":true}]}}