{"id":77,"date":"2018-08-31T15:14:19","date_gmt":"2018-08-31T13:14:19","guid":{"rendered":"http:\/\/oasisbeach-xi.be\/?page_id=77"},"modified":"2022-01-02T18:10:20","modified_gmt":"2022-01-02T17:10:20","slug":"votre-logement","status":"publish","type":"page","link":"https:\/\/oasisbeach-xi.be\/index.php\/votre-logement\/","title":{"rendered":"Votre logement"},"content":{"rendered":"<div class=\"entry-content\">\n<p>Installez-vous confortablement et d\u00e9couvrez ce sublime penthouse dans le complexe de l\u2019Oasis Beach XI El Raso \u00e0 la Carrer El Salat, situ\u00e9 au calme, \u00e0 proximit\u00e9 du parc naturel et du lagune de La Mata. Il se trouve \u00e0 seulement 2 km de la grande plage de sable de Guardamar, au sud de la Costa Blanca et \u00e0 30 km de l\u2019a\u00e9roport d\u2019Alicante.<\/p>\n<style type=\"text\/css\">.easingslider-689 { width: 100%; }.easingslider-689 .easingslider-fade-in, .easingslider-fade-out { -webkit-animation-duration: 400ms; -moz-animation-duration: 400ms; animation-duration: 400ms; }<\/style><script type=\"text\/javascript\">window.EasingSlider689 = {\"width\":640,\"height\":400,\"singleItem\":true,\"items\":1,\"itemsDesktop\":false,\"itemsDesktopSmall\":false,\"itemsTablet\":false,\"itemsTabletSmall\":false,\"itemsMobile\":false,\"responsive\":true,\"lazyLoad\":true,\"autoPlay\":false,\"slideSpeed\":400,\"navigation\":true,\"navigationText\":[\"\",\"\"],\"pagination\":true,\"autoHeight\":true,\"mouseDrag\":false,\"touchDrag\":false,\"addClassActive\":true,\"transitionStyle\":false};<\/script><div data-id=\"689\" class=\"easingslider easingslider-689 easingslider-container easingslider-full-width easingslider-auto-height easingslider-arrows-inside easingslider-pagination-inside easingslider-pagination-bottom-center\"><div class=\"easingslider-slide\"><img src=\"https:\/\/oasisbeach-xi.be\/wp-content\/plugins\/easing-slider\/assets\/images\/placeholder-pixel.png\" data-src=\"https:\/\/oasisbeach-xi.be\/wp-content\/uploads\/2018\/10\/20180511_201835-Copy-e1540903149910.jpg\" alt=\"\" title=\"\" class=\"easingslider-image easingslider-lazy\" \/><\/div><div class=\"easingslider-slide\"><img src=\"https:\/\/oasisbeach-xi.be\/wp-content\/plugins\/easing-slider\/assets\/images\/placeholder-pixel.png\" data-src=\"https:\/\/oasisbeach-xi.be\/wp-content\/uploads\/2018\/10\/20180511_201852-e1540903104738.jpg\" alt=\"\" title=\"\" class=\"easingslider-image easingslider-lazy\" \/><\/div><div class=\"easingslider-slide\"><img src=\"https:\/\/oasisbeach-xi.be\/wp-content\/plugins\/easing-slider\/assets\/images\/placeholder-pixel.png\" data-src=\"https:\/\/oasisbeach-xi.be\/wp-content\/uploads\/2018\/10\/20180511_201927-Copy-e1540903092906.jpg\" alt=\"\" title=\"\" class=\"easingslider-image easingslider-lazy\" \/><\/div><div class=\"easingslider-slide\"><img src=\"https:\/\/oasisbeach-xi.be\/wp-content\/plugins\/easing-slider\/assets\/images\/placeholder-pixel.png\" data-src=\"https:\/\/oasisbeach-xi.be\/wp-content\/uploads\/2018\/10\/20180511_200624-e1540905865214.jpg\" alt=\"\" title=\"\" class=\"easingslider-image easingslider-lazy\" \/><\/div><div class=\"easingslider-slide\"><img src=\"https:\/\/oasisbeach-xi.be\/wp-content\/plugins\/easing-slider\/assets\/images\/placeholder-pixel.png\" data-src=\"https:\/\/oasisbeach-xi.be\/wp-content\/uploads\/2018\/10\/20180511_194833-e1540906110127.jpg\" alt=\"\" title=\"\" class=\"easingslider-image easingslider-lazy\" \/><\/div><div class=\"easingslider-slide\"><img src=\"https:\/\/oasisbeach-xi.be\/wp-content\/plugins\/easing-slider\/assets\/images\/placeholder-pixel.png\" data-src=\"https:\/\/oasisbeach-xi.be\/wp-content\/uploads\/2018\/10\/20180511_194719-e1540906129364.jpg\" alt=\"\" title=\"\" class=\"easingslider-image easingslider-lazy\" \/><\/div><div class=\"easingslider-slide\"><img src=\"https:\/\/oasisbeach-xi.be\/wp-content\/plugins\/easing-slider\/assets\/images\/placeholder-pixel.png\" data-src=\"https:\/\/oasisbeach-xi.be\/wp-content\/uploads\/2018\/10\/20180511_195100-e1540906080223.jpg\" alt=\"\" title=\"\" class=\"easingslider-image easingslider-lazy\" \/><\/div><div class=\"easingslider-slide\"><img src=\"https:\/\/oasisbeach-xi.be\/wp-content\/plugins\/easing-slider\/assets\/images\/placeholder-pixel.png\" data-src=\"https:\/\/oasisbeach-xi.be\/wp-content\/uploads\/2018\/10\/20180511_195018-e1540906090137.jpg\" alt=\"\" title=\"\" class=\"easingslider-image easingslider-lazy\" \/><\/div><div class=\"easingslider-slide\"><img src=\"https:\/\/oasisbeach-xi.be\/wp-content\/plugins\/easing-slider\/assets\/images\/placeholder-pixel.png\" data-src=\"https:\/\/oasisbeach-xi.be\/wp-content\/uploads\/2018\/10\/20180511_195418-e1540906058831.jpg\" alt=\"\" title=\"\" class=\"easingslider-image easingslider-lazy\" \/><\/div><div class=\"easingslider-slide\"><img src=\"https:\/\/oasisbeach-xi.be\/wp-content\/plugins\/easing-slider\/assets\/images\/placeholder-pixel.png\" data-src=\"https:\/\/oasisbeach-xi.be\/wp-content\/uploads\/2018\/10\/20180511_205831-e1540903012570.jpg\" alt=\"\" title=\"\" class=\"easingslider-image easingslider-lazy\" \/><\/div><div class=\"easingslider-slide\"><img src=\"https:\/\/oasisbeach-xi.be\/wp-content\/plugins\/easing-slider\/assets\/images\/placeholder-pixel.png\" data-src=\"https:\/\/oasisbeach-xi.be\/wp-content\/uploads\/2018\/10\/20180511_205904-Copy-Copy-e1540902997529.jpg\" alt=\"\" title=\"\" class=\"easingslider-image easingslider-lazy\" \/><\/div><div class=\"easingslider-slide\"><img src=\"https:\/\/oasisbeach-xi.be\/wp-content\/plugins\/easing-slider\/assets\/images\/placeholder-pixel.png\" data-src=\"https:\/\/oasisbeach-xi.be\/wp-content\/uploads\/2018\/10\/20180820_141501.jpg\" alt=\"\" title=\"\" class=\"easingslider-image easingslider-lazy\" \/><\/div><div class=\"easingslider-slide\"><img src=\"https:\/\/oasisbeach-xi.be\/wp-content\/plugins\/easing-slider\/assets\/images\/placeholder-pixel.png\" data-src=\"https:\/\/oasisbeach-xi.be\/wp-content\/uploads\/2022\/01\/20211227_112105-e1641657896922.jpg\" alt=\"\" title=\"\" class=\"easingslider-image easingslider-lazy\" \/><\/div><div class=\"easingslider-slide\"><img src=\"https:\/\/oasisbeach-xi.be\/wp-content\/plugins\/easing-slider\/assets\/images\/placeholder-pixel.png\" data-src=\"https:\/\/oasisbeach-xi.be\/wp-content\/uploads\/2022\/01\/20211228_132354.jpg\" alt=\"\" title=\"\" class=\"easingslider-image easingslider-lazy\" \/><\/div><div class=\"easingslider-slide\"><img src=\"https:\/\/oasisbeach-xi.be\/wp-content\/plugins\/easing-slider\/assets\/images\/placeholder-pixel.png\" data-src=\"https:\/\/oasisbeach-xi.be\/wp-content\/uploads\/2022\/01\/20211231_163033-1.jpg\" alt=\"\" title=\"\" class=\"easingslider-image easingslider-lazy\" \/><\/div><div class=\"easingslider-slide\"><img src=\"https:\/\/oasisbeach-xi.be\/wp-content\/plugins\/easing-slider\/assets\/images\/placeholder-pixel.png\" data-src=\"https:\/\/oasisbeach-xi.be\/wp-content\/uploads\/2022\/01\/IMG-20220102-WA0008.jpg\" alt=\"\" title=\"\" class=\"easingslider-image easingslider-lazy\" \/><\/div><\/div>\n<p>&nbsp;<\/p>\n<p style=\"text-align: left;\">Le penthouse dispose de 2 chambres et 2 salles de bains avec douche \u00e0 l\u2019italienne. Il peut accueillir jusqu\u2019\u00e0 5 personnes maximum. La cuisine est enti\u00e8rement \u00e9quip\u00e9e de toutes les commodit\u00e9s: un r\u00e9frig\u00e9rateur, un cong\u00e9lateur, un lave-vaisselle, un lave-linge, un four, un four \u00e0 micro-onde, une cafeti\u00e8re Nespresso, \u2026. Une salle \u00e0 manger, un living spacieux et confortable vue sur la piscine, il est \u00e9quip\u00e9 d\u2019un \u00e9cran plat vous proposant toutes les cha\u00eenes possibles et imaginables, d\u2019un canap\u00e9-lit et d\u2019une connexion internet.<\/p>\n<p style=\"text-align: left;\">Vous profiterez d\u2019une terrasse vue plongeante sur la piscine et d\u2019un solarium de 90 m2 qui vous permet de vous d\u00e9lasser sur les transats,un petit salon ext\u00e9rieur, cocktail \u00e0 la main tout en profitant d\u2019une vue somptueuse sur le parc naturel, la lagune de la Mata d\u2019un c\u00f4t\u00e9 et de l\u2019autre, une vue splendide sur les citronniers et orangers. Imaginez-vous seulement \u2026<\/p>\n<p style=\"text-align: left;\">Dans les environs imm\u00e9diats, vous trouverez une vari\u00e9t\u00e9 de restaurants et de bars ainsi qu\u2019un supermarch\u00e9 accessible \u00e0 pied\u00a0 (800 m\u00e8tres de l\u2019appartement). Il y a \u00e9galement un arr\u00eat de bus qui vous am\u00e8ne \u00e0 Alicante, Guardamar et Torrevieja.<\/p>\n<p style=\"text-align: left;\">Luxe et Volupt\u00e9 seront au programme: le style\u00a0architectural, les finitions et les mat\u00e9riaux de grandes qualit\u00e9s de ce penthouse moderne seront \u00e0 la hauteur des plus exigeants.<\/p>\n<p style=\"text-align: left;\">Pour vous offrir des vacances sans soucis, une Key Manager vous accueillera pour vous remettre la cl\u00e9 et vous informera de toutes les commodit\u00e9s.<\/p>\n<p style=\"text-align: left;\">En une phrase des vacances r\u00e9ussies garanties!<\/p>\n<p style=\"text-align: left;\">Alors ne r\u00eavez plus et r\u00e9servez \ud83d\ude42<\/p>\n<\/div>\n<p style=\"text-align: left;\">\n<div id=\"ConnectiveDocSignExtentionInstalled\" data-extension-version=\"1.0.4\"><\/div>\n","protected":false},"excerpt":{"rendered":"<p>Installez-vous confortablement et d\u00e9couvrez ce sublime penthouse dans le complexe de l\u2019Oasis Beach XI El Raso \u00e0 la Carrer El Salat, situ\u00e9 au calme, \u00e0 proximit\u00e9 du parc naturel et du lagune de La Mata. Il se trouve \u00e0 seulement 2 km de la grande plage de sable de Guardamar, au sud de la Costa &hellip; <\/p>\n<p class=\"link-more\"><a href=\"https:\/\/oasisbeach-xi.be\/index.php\/votre-logement\/\" class=\"more-link\">Continuer la lecture<span class=\"screen-reader-text\"> de &laquo;&nbsp;Votre logement&nbsp;&raquo;<\/span><\/a><\/p>\n","protected":false},"author":1,"featured_media":171,"parent":0,"menu_order":0,"comment_status":"closed","ping_status":"closed","template":"","meta":[],"_links":{"self":[{"href":"https:\/\/oasisbeach-xi.be\/index.php\/wp-json\/wp\/v2\/pages\/77"}],"collection":[{"href":"https:\/\/oasisbeach-xi.be\/index.php\/wp-json\/wp\/v2\/pages"}],"about":[{"href":"https:\/\/oasisbeach-xi.be\/index.php\/wp-json\/wp\/v2\/types\/page"}],"author":[{"embeddable":true,"href":"https:\/\/oasisbeach-xi.be\/index.php\/wp-json\/wp\/v2\/users\/1"}],"replies":[{"embeddable":true,"href":"https:\/\/oasisbeach-xi.be\/index.php\/wp-json\/wp\/v2\/comments?post=77"}],"version-history":[{"count":15,"href":"https:\/\/oasisbeach-xi.be\/index.php\/wp-json\/wp\/v2\/pages\/77\/revisions"}],"predecessor-version":[{"id":793,"href":"https:\/\/oasisbeach-xi.be\/index.php\/wp-json\/wp\/v2\/pages\/77\/revisions\/793"}],"wp:featuredmedia":[{"embeddable":true,"href":"https:\/\/oasisbeach-xi.be\/index.php\/wp-json\/wp\/v2\/media\/171"}],"wp:attachment":[{"href":"https:\/\/oasisbeach-xi.be\/index.php\/wp-json\/wp\/v2\/media?parent=77"}],"curies":[{"name":"wp","href":"https:\/\/api.w.org\/{rel}","templated":true}]}}