{"id":133,"date":"2018-10-24T13:31:54","date_gmt":"2018-10-24T11:31:54","guid":{"rendered":"http:\/\/oasisbeach-xi.be\/?page_id=133"},"modified":"2019-05-04T16:37:54","modified_gmt":"2019-05-04T14:37:54","slug":"informations-utiles","status":"publish","type":"page","link":"https:\/\/oasisbeach-xi.be\/index.php\/informations-utiles\/","title":{"rendered":"Informations utiles"},"content":{"rendered":"<p>&nbsp;<\/p>\n<h1 style=\"text-align: center;\">Informations concernant le penthouse:<\/h1>\n<p>&nbsp;<\/p>\n<p><strong>Dois-je payer une caution?<\/strong><br \/>\nLe paiement d\u2019une caution est obligatoire. Celle-ci s\u2019\u00e9l\u00e8ve \u00e0 <strong>200 \u20ac<\/strong> et vous sera restitu\u00e9e 8 jours apr\u00e8s la p\u00e9riode de location. Les frais li\u00e9s aux \u00e9ventuels d\u00e9g\u00e2ts sont d\u00e9falqu\u00e9s de la caution.<\/p>\n<p><strong>Remise des cl\u00e9s<\/strong><br \/>\nEn ce qui concerne les cl\u00e9s, nous vous demandons de prendre contact avec nous, afin de convenir du lieu et de l\u2019heure de la remise des cl\u00e9s.<\/p>\n<p><strong>\u00c0 quelle heure suis-je attendu dans le logement?<\/strong><br \/>\nChaque jour est un jour de changement : jour d\u2019arriv\u00e9e et de d\u00e9part. Les h\u00f4tes peuvent arriver <strong>entre 16.00 et 18.00 heures<\/strong>. Les h\u00f4tes doivent quitter les lieux <strong>avant 11.00 heures<\/strong>.<\/p>\n<p>R\u00e9ception des cl\u00e9s au de l\u00e0 de 23.00 heures entra\u00eenera un co\u00fbt suppl\u00e9mentaire de 25 \u20ac, remboursable sous forme de d\u00e9p\u00f4t.<\/p>\n<p>Si vous souhaitez arriver plus t\u00f4t ou plus tard que l\u2019horaire indiqu\u00e9 ci-dessus, cela peut alors \u00eatre programm\u00e9, en accord avec nous. Cela est tout \u00e0 fait possible!<\/p>\n<p><strong>L\u2019emploi du linge de lit et des serviettes de bain est-il compris dans le tarif de location?<\/strong><br \/>\nL\u2019utilisation du linge de cuisine et de lit, ainsi que des serviettes de bain est compris dans le tarif de location. Nous vous recommandons de venir avec votre propre linge de plage pour la piscine ou la plage. Il en va de m\u00eame pour les draps des lits b\u00e9b\u00e9.<\/p>\n<p><strong>Utilisation de l&rsquo;\u00e9lectricit\u00e9<\/strong><br \/>\nLes tarifs de location mentionn\u00e9s sont des co\u00fbts tout compris de l&rsquo;\u00e9nergie, sauf si vous consommez plus de <strong>80 kWh par semaine<\/strong>, les co\u00fbts au del\u00e0 des 80 kWh\/semaine seront d\u00e9duits de la caution \u00e0 <strong>0,25 \u20ac par KWh<\/strong>. La Key Mananger vous donnera de plus amples explications si vous le souhaitez \u00e0 votre arriv\u00e9e.<\/p>\n<p>&nbsp;<\/p>\n<h1 style=\"text-align: center;\">Autres Informations utiles<\/h1>\n<p>&nbsp;<\/p>\n<p class=\"m_112537553232723456m_4476890289098353794MsoPlainText\" style=\"text-align: center;\"><strong><span lang=\"FR-BE\">Location de voiture\u00a0:<u><\/u><u><\/u><\/span><\/strong><span lang=\"FR-BE\"><strong><u><\/u>\u00a0<\/strong><u><\/u><\/span><\/p>\n<p><img decoding=\"async\" loading=\"lazy\" src=\"http:\/\/oasisbeach-xi.be\/wp-content\/uploads\/2019\/04\/centauro-300x169.jpg\" alt=\"\" class=\"size-medium wp-image-618 aligncenter\" width=\"300\" height=\"169\" srcset=\"https:\/\/oasisbeach-xi.be\/wp-content\/uploads\/2019\/04\/centauro-300x169.jpg 300w, https:\/\/oasisbeach-xi.be\/wp-content\/uploads\/2019\/04\/centauro.jpg 600w\" sizes=\"(max-width: 300px) 100vw, 300px\" \/><\/p>\n<p class=\"m_112537553232723456m_4476890289098353794MsoPlainText\"><span lang=\"FR-BE\">Nous vous proposons les services de la compagnie <strong>Centauro <\/strong>avec laquelle nos locations se sont toujours tr\u00e8s bien d\u00e9roul\u00e9es et qui nous satisfont en rapport qualit\u00e9\/prix,\u00a0 ils sont de plus situ\u00e9s dans l\u2019a\u00e9roport d&rsquo;Alicante (voir photo ci-dessus).<br \/>\n<\/span><\/p>\n<p class=\"m_112537553232723456m_4476890289098353794MsoPlainText\"><span lang=\"FR-BE\">!!!Attention quand vous r\u00e9servez votre voiture, veillez \u00e0 prendre l&rsquo;assurance compl\u00e8te, sinon un montant de 1200\u20ac est bloqu\u00e9 sur votre carte de cr\u00e9dit,prendre l&rsquo;assurance compl\u00e8te vous \u00e9vite ce blocage.!!!<\/span><\/p>\n<p class=\"m_112537553232723456m_4476890289098353794MsoPlainText\"><span lang=\"FR-BE\"><u><\/u>\u00a0<u><\/u><\/span><a href=\"https:\/\/www.centauro.net\/fr\/location-de-voiture-pas-cher\/espagne\/alicante-aeroport\/\" rel=\"noopener noreferrer\" target=\"_blank\" data-saferedirecturl=\"https:\/\/www.google.com\/url?q=https:\/\/www.centauro.net\/fr\/location-de-voiture-pas-cher\/espagne\/alicante-aeroport\/&amp;source=gmail&amp;ust=1554277194528000&amp;usg=AFQjCNFJ6hzv5piNHJ1MswlAdNfI0rvoDw\"><span lang=\"FR-BE\">https:\/\/www.centauro.net\/fr\/<wbr \/>location-de-voiture-pas-cher\/<wbr \/>espagne\/alicante-aeroport\/<\/span><\/a><u><\/u><u><\/u><\/p>\n<p><img decoding=\"async\" loading=\"lazy\" src=\"http:\/\/oasisbeach-xi.be\/wp-content\/uploads\/2019\/04\/goldcar-300x177.jpg\" alt=\"\" class=\"size-medium wp-image-617 aligncenter\" width=\"300\" height=\"177\" srcset=\"https:\/\/oasisbeach-xi.be\/wp-content\/uploads\/2019\/04\/goldcar-300x177.jpg 300w, https:\/\/oasisbeach-xi.be\/wp-content\/uploads\/2019\/04\/goldcar-768x453.jpg 768w, https:\/\/oasisbeach-xi.be\/wp-content\/uploads\/2019\/04\/goldcar.jpg 800w\" sizes=\"(max-width: 300px) 100vw, 300px\" \/><\/p>\n<p class=\"m_112537553232723456m_4476890289098353794MsoPlainText\"><span lang=\"FR-BE\">Il y a \u00e9galement la compagnie de location de voiture<b> GoldCar<\/b> \u00e9galement pr\u00e9sente dans l&rsquo;a\u00e9roport d&rsquo;Alicante (voir photo ci-dessus) qui a un bon rapport qualit\u00e9\/prix.<br \/>\n<\/span><\/p>\n<p class=\"m_112537553232723456m_4476890289098353794MsoPlainText\"><span lang=\"FR-BE\"><u><\/u>\u00a0<u><\/u><\/span><a href=\"https:\/\/www.goldcar.es\/fr\/bureaux\/agence-goldcar-alicante-aeroport\/\" rel=\"noopener noreferrer\" target=\"_blank\" data-saferedirecturl=\"https:\/\/www.google.com\/url?q=https:\/\/www.goldcar.es\/fr\/bureaux\/agence-goldcar-alicante-aeroport\/&amp;source=gmail&amp;ust=1554277194528000&amp;usg=AFQjCNGSbi82KmB67n9Wl_PiNG1CNXUtQQ\"><span lang=\"FR-BE\">https:\/\/www.goldcar.es\/fr\/<wbr \/>bureaux\/agence-goldcar-<wbr \/>alicante-aeroport\/<\/span><\/a><span lang=\"FR-BE\"><u><\/u><u><\/u><\/span><\/p>\n<p>&nbsp;<\/p>\n<p style=\"text-align: center;\"><strong>Supermarch\u00e9:<\/strong><\/p>\n<p>Vous trouverez tous les grands supermarch\u00e9s (<strong>Carrefour, Lidl, Al Campo<\/strong> (Auchan),&#8230;) ouverts \u00e0 des heures tardives et les dimanches!<\/p>\n<p>Nous vous conseillons le <strong>Lidl le plus proche du penthouse: <span class=\"LrzXr\">Calle Mar Cantabrico, 13, 03177 San Fulgencio, Alicante, Espagne<\/span><\/strong><\/p>\n<p>Les Lidl en Espagne sont ultra bien achaland\u00e9s du bio aux produits classiques \u00e0 des prix hallucinants!<\/p>\n<p>Pour d\u00e9panner, il y a un petit centre commercial \u00e0 l&rsquo;entr\u00e9e du quartier El Raso (Camino El Raso)<\/p>\n<p>TRES BIENT\u00d4T, un centre commercial \u00e0 c\u00f4t\u00e9 du penthouse est en construction fin des travaux pr\u00e9vu cet \u00e9t\u00e9 2019.<\/p>\n<p>&nbsp;<\/p>\n<p style=\"text-align: center;\"><strong>Restaurant:<\/strong><\/p>\n<p>Sans h\u00e9sitez, allez chez <strong>MANOLO<\/strong> situ\u00e9 \u00e0 l&rsquo;entr\u00e9e du quartier El Raso (03149 El Campo),vous y trouverez un choix immense et de qualit\u00e9 \u00e0 un prix de dingue. Les repas de midi non \u00e0 la carte sont \u00e0 10 EUR\u00a0 (entr\u00e9e, plat et desserts)<\/p>\n<p><img decoding=\"async\" loading=\"lazy\" src=\"http:\/\/oasisbeach-xi.be\/wp-content\/uploads\/2019\/04\/restaurante-manolo-300x224.jpg\" alt=\"\" class=\" wp-image-628 aligncenter\" width=\"632\" height=\"472\" srcset=\"https:\/\/oasisbeach-xi.be\/wp-content\/uploads\/2019\/04\/restaurante-manolo-300x224.jpg 300w, https:\/\/oasisbeach-xi.be\/wp-content\/uploads\/2019\/04\/restaurante-manolo.jpg 550w\" sizes=\"(max-width: 632px) 100vw, 632px\" \/><\/p>\n<p>&nbsp;<\/p>\n<p style=\"text-align: center;\"><strong>March\u00e9:<\/strong><\/p>\n<p><img decoding=\"async\" loading=\"lazy\" src=\"http:\/\/oasisbeach-xi.be\/wp-content\/uploads\/2019\/04\/march\u00e9-300x288.jpg\" alt=\"\" class=\" wp-image-629 aligncenter\" width=\"520\" height=\"499\" srcset=\"https:\/\/oasisbeach-xi.be\/wp-content\/uploads\/2019\/04\/march\u00e9-300x288.jpg 300w, https:\/\/oasisbeach-xi.be\/wp-content\/uploads\/2019\/04\/march\u00e9.jpg 468w\" sizes=\"(max-width: 520px) 100vw, 520px\" \/><\/p>\n<p>Un immense march\u00e9 situ\u00e9 \u00e0 c\u00f4t\u00e9 du penthouse (vous le verrez depuis le solarium c\u00f4t\u00e9 orangers), le <strong>MERCADILLO DE EL CAMPICO DE GUARDAMAR <\/strong><span jstcache=\"1521\" class=\"section-review-text\" jsan=\"7.section-review-text\">a lieu tous les dimanches matins jusqu&rsquo;\u00e0 environ 14 heures. Il y a de nombreux parkings gratuits disponibles avec le personnel pour organiser la circulation. En plus du march\u00e9 traditionnel, il y a un large \u00e9ventail de restaurants, \u00e0 emporter ou sur place.<\/span><\/p>\n<p class=\"m_112537553232723456m_4476890289098353794MsoPlainText\"><span lang=\"FR-BE\"><u><\/u>\u00a0<u><\/u><\/span><\/p>\n<p class=\"m_112537553232723456m_4476890289098353794MsoPlainText\"><span lang=\"FR-BE\">\u00a0<\/span><\/p>\n<p class=\"m_112537553232723456m_4476890289098353794MsoPlainText\"><span lang=\"FR-BE\"><u><\/u>\u00a0<\/span><\/p>\n","protected":false},"excerpt":{"rendered":"<p>&nbsp; Informations concernant le penthouse: &nbsp; Dois-je payer une caution? Le paiement d\u2019une caution est obligatoire. Celle-ci s\u2019\u00e9l\u00e8ve \u00e0 200 \u20ac et vous sera restitu\u00e9e 8 jours apr\u00e8s la p\u00e9riode de location. Les frais li\u00e9s aux \u00e9ventuels d\u00e9g\u00e2ts sont d\u00e9falqu\u00e9s de la caution. Remise des cl\u00e9s En ce qui concerne les cl\u00e9s, nous vous demandons &hellip; <\/p>\n<p class=\"link-more\"><a href=\"https:\/\/oasisbeach-xi.be\/index.php\/informations-utiles\/\" class=\"more-link\">Continuer la lecture<span class=\"screen-reader-text\"> de &laquo;&nbsp;Informations utiles&nbsp;&raquo;<\/span><\/a><\/p>\n","protected":false},"author":1,"featured_media":239,"parent":0,"menu_order":0,"comment_status":"closed","ping_status":"closed","template":"","meta":[],"_links":{"self":[{"href":"https:\/\/oasisbeach-xi.be\/index.php\/wp-json\/wp\/v2\/pages\/133"}],"collection":[{"href":"https:\/\/oasisbeach-xi.be\/index.php\/wp-json\/wp\/v2\/pages"}],"about":[{"href":"https:\/\/oasisbeach-xi.be\/index.php\/wp-json\/wp\/v2\/types\/page"}],"author":[{"embeddable":true,"href":"https:\/\/oasisbeach-xi.be\/index.php\/wp-json\/wp\/v2\/users\/1"}],"replies":[{"embeddable":true,"href":"https:\/\/oasisbeach-xi.be\/index.php\/wp-json\/wp\/v2\/comments?post=133"}],"version-history":[{"count":15,"href":"https:\/\/oasisbeach-xi.be\/index.php\/wp-json\/wp\/v2\/pages\/133\/revisions"}],"predecessor-version":[{"id":640,"href":"https:\/\/oasisbeach-xi.be\/index.php\/wp-json\/wp\/v2\/pages\/133\/revisions\/640"}],"wp:featuredmedia":[{"embeddable":true,"href":"https:\/\/oasisbeach-xi.be\/index.php\/wp-json\/wp\/v2\/media\/239"}],"wp:attachment":[{"href":"https:\/\/oasisbeach-xi.be\/index.php\/wp-json\/wp\/v2\/media?parent=133"}],"curies":[{"name":"wp","href":"https:\/\/api.w.org\/{rel}","templated":true}]}}