{"id":673,"date":"2019-05-05T12:16:29","date_gmt":"2019-05-05T10:16:29","guid":{"rendered":"http:\/\/oasisbeach-xi.be\/?page_id=673"},"modified":"2019-05-05T12:43:04","modified_gmt":"2019-05-05T10:43:04","slug":"bienvenue-2","status":"publish","type":"page","link":"http:\/\/oasisbeach-xi.be\/index.php\/bienvenue-2\/","title":{"rendered":"Bienvenue"},"content":{"rendered":"<p>Bienvenue \u00e0 Guardamar del Segura sur la Costa Blanca.<\/p>\n<p>Votre prochaine destination de r\u00eave !<\/p>\n<p>Nous vous accueillons dans ce magnifique penthouse de 90 m2 (+ solarium de 75 m2) situ\u00e9 dans une merveilleuse r\u00e9sidence situ\u00e9 entre une magnifique r\u00e9serve naturelle et des champs d&rsquo;agrumes, \u00e0 5 minutes de la plage.<\/p>\n<style type=\"text\/css\">.easingslider-570 { width: 100%; }.easingslider-570 .easingslider-image { max-height: 800px; max-width: 1000px; }.easingslider-570 .easingslider-fade-in, .easingslider-fade-out { -webkit-animation-duration: 500ms; -moz-animation-duration: 500ms; animation-duration: 500ms; }<\/style><script type=\"text\/javascript\">window.EasingSlider570 = {\"width\":1000,\"height\":800,\"singleItem\":true,\"items\":1,\"itemsDesktop\":false,\"itemsDesktopSmall\":false,\"itemsTablet\":false,\"itemsTabletSmall\":false,\"itemsMobile\":false,\"responsive\":true,\"lazyLoad\":true,\"autoPlay\":false,\"slideSpeed\":500,\"navigation\":true,\"navigationText\":[\"\",\"\"],\"pagination\":true,\"autoHeight\":false,\"mouseDrag\":false,\"touchDrag\":false,\"addClassActive\":true,\"transitionStyle\":\"fade\"};<\/script><div data-id=\"570\" class=\"easingslider easingslider-570 easingslider-container easingslider-full-width easingslider-aspect-ratio easingslider-arrows-inside easingslider-pagination-inside easingslider-pagination-bottom-center\"><div class=\"easingslider-slide\"><img src=\"http:\/\/oasisbeach-xi.be\/wp-content\/plugins\/easing-slider\/assets\/images\/placeholder-pixel.png\" data-src=\"http:\/\/oasisbeach-xi.be\/wp-content\/uploads\/2018\/10\/20180511_132811-Copy-e1543760517534.jpg\" alt=\"\" title=\"\" class=\"easingslider-image easingslider-lazy\" \/><\/div><div class=\"easingslider-slide\"><img src=\"http:\/\/oasisbeach-xi.be\/wp-content\/plugins\/easing-slider\/assets\/images\/placeholder-pixel.png\" data-src=\"http:\/\/oasisbeach-xi.be\/wp-content\/uploads\/2018\/10\/20180511_150159-Copy.jpg\" alt=\"\" title=\"\" class=\"easingslider-image easingslider-lazy\" \/><\/div><div class=\"easingslider-slide\"><img src=\"http:\/\/oasisbeach-xi.be\/wp-content\/plugins\/easing-slider\/assets\/images\/placeholder-pixel.png\" data-src=\"http:\/\/oasisbeach-xi.be\/wp-content\/uploads\/2018\/08\/20180507_154812-e1535633470476.jpg\" alt=\"\" title=\"\" class=\"easingslider-image easingslider-lazy\" \/><\/div><div class=\"easingslider-slide\"><img src=\"http:\/\/oasisbeach-xi.be\/wp-content\/plugins\/easing-slider\/assets\/images\/placeholder-pixel.png\" data-src=\"http:\/\/oasisbeach-xi.be\/wp-content\/uploads\/2018\/10\/20180511_133728-Copy-e1540906192186.jpg\" alt=\"\" title=\"\" class=\"easingslider-image easingslider-lazy\" \/><\/div><div class=\"easingslider-slide\"><img src=\"http:\/\/oasisbeach-xi.be\/wp-content\/plugins\/easing-slider\/assets\/images\/placeholder-pixel.png\" data-src=\"http:\/\/oasisbeach-xi.be\/wp-content\/uploads\/2022\/01\/20211228_132415.jpg\" alt=\"\" title=\"\" class=\"easingslider-image easingslider-lazy\" \/><\/div><div class=\"easingslider-slide\"><img src=\"http:\/\/oasisbeach-xi.be\/wp-content\/plugins\/easing-slider\/assets\/images\/placeholder-pixel.png\" data-src=\"http:\/\/oasisbeach-xi.be\/wp-content\/uploads\/2022\/01\/20110615-3899423w.jpg\" alt=\"\" title=\"\" class=\"easingslider-image easingslider-lazy\" \/><\/div><div class=\"easingslider-slide\"><img src=\"http:\/\/oasisbeach-xi.be\/wp-content\/plugins\/easing-slider\/assets\/images\/placeholder-pixel.png\" data-src=\"http:\/\/oasisbeach-xi.be\/wp-content\/uploads\/2018\/10\/20180511_205904-Copy-Copy-e1540902997529.jpg\" alt=\"\" title=\"\" class=\"easingslider-image easingslider-lazy\" \/><\/div><div class=\"easingslider-slide\"><img src=\"http:\/\/oasisbeach-xi.be\/wp-content\/plugins\/easing-slider\/assets\/images\/placeholder-pixel.png\" data-src=\"http:\/\/oasisbeach-xi.be\/wp-content\/uploads\/2019\/05\/20190411_160327-e1557057536538.jpg\" alt=\"\" title=\"\" class=\"easingslider-image easingslider-lazy\" \/><\/div><div class=\"easingslider-slide\"><img src=\"http:\/\/oasisbeach-xi.be\/wp-content\/plugins\/easing-slider\/assets\/images\/placeholder-pixel.png\" data-src=\"http:\/\/oasisbeach-xi.be\/wp-content\/uploads\/2018\/10\/20180507_154921-e1540906518643.jpg\" alt=\"\" title=\"\" class=\"easingslider-image easingslider-lazy\" \/><\/div><div class=\"easingslider-slide\"><img src=\"http:\/\/oasisbeach-xi.be\/wp-content\/plugins\/easing-slider\/assets\/images\/placeholder-pixel.png\" data-src=\"http:\/\/oasisbeach-xi.be\/wp-content\/uploads\/2019\/05\/20190410_155435-e1557055773577.jpg\" alt=\"\" title=\"\" class=\"easingslider-image easingslider-lazy\" \/><\/div><div class=\"easingslider-slide\"><img src=\"http:\/\/oasisbeach-xi.be\/wp-content\/plugins\/easing-slider\/assets\/images\/placeholder-pixel.png\" data-src=\"http:\/\/oasisbeach-xi.be\/wp-content\/uploads\/2018\/08\/20180511_132950-e1535633015741.jpg\" alt=\"\" title=\"\" class=\"easingslider-image easingslider-lazy\" \/><\/div><\/div>\n","protected":false},"excerpt":{"rendered":"<p>Bienvenue \u00e0 Guardamar del Segura sur la Costa Blanca. Votre prochaine destination de r\u00eave ! Nous vous accueillons dans ce magnifique penthouse de 90 m2 (+ solarium de 75 m2) situ\u00e9 dans une merveilleuse r\u00e9sidence situ\u00e9 entre une magnifique r\u00e9serve naturelle et des champs d&rsquo;agrumes, \u00e0 5 minutes de la plage.<\/p>\n","protected":false},"author":1,"featured_media":0,"parent":0,"menu_order":0,"comment_status":"closed","ping_status":"closed","template":"","meta":[],"_links":{"self":[{"href":"http:\/\/oasisbeach-xi.be\/index.php\/wp-json\/wp\/v2\/pages\/673"}],"collection":[{"href":"http:\/\/oasisbeach-xi.be\/index.php\/wp-json\/wp\/v2\/pages"}],"about":[{"href":"http:\/\/oasisbeach-xi.be\/index.php\/wp-json\/wp\/v2\/types\/page"}],"author":[{"embeddable":true,"href":"http:\/\/oasisbeach-xi.be\/index.php\/wp-json\/wp\/v2\/users\/1"}],"replies":[{"embeddable":true,"href":"http:\/\/oasisbeach-xi.be\/index.php\/wp-json\/wp\/v2\/comments?post=673"}],"version-history":[{"count":3,"href":"http:\/\/oasisbeach-xi.be\/index.php\/wp-json\/wp\/v2\/pages\/673\/revisions"}],"predecessor-version":[{"id":679,"href":"http:\/\/oasisbeach-xi.be\/index.php\/wp-json\/wp\/v2\/pages\/673\/revisions\/679"}],"wp:attachment":[{"href":"http:\/\/oasisbeach-xi.be\/index.php\/wp-json\/wp\/v2\/media?parent=673"}],"curies":[{"name":"wp","href":"https:\/\/api.w.org\/{rel}","templated":true}]}}