{"id":641,"date":"2019-05-04T17:16:27","date_gmt":"2019-05-04T15:16:27","guid":{"rendered":"http:\/\/oasisbeach-xi.be\/?page_id=641"},"modified":"2019-05-05T14:11:12","modified_gmt":"2019-05-05T12:11:12","slug":"commerces","status":"publish","type":"page","link":"http:\/\/oasisbeach-xi.be\/index.php\/commerces\/","title":{"rendered":"Commerces"},"content":{"rendered":"<p>Vous trouverez tous les grands supermarch\u00e9s (<strong>Carrefour, Lidl, Mercadona, Al Campo<\/strong> (Auchan),&#8230;) ouverts \u00e0 des heures tardives et m\u00eame les dimanches!<\/p>\n<h4><strong>Lidl<\/strong><\/h4>\n<p>(\u00e0 15 minutes du Penthouse)<\/p>\n<p><strong><span class=\"LrzXr\">Adresse : Calle Mar Cantabrico, 13, 03177 San Fulgencio, Alicante, Espagne<\/span><\/strong><\/p>\n<p>Les Lidl en Espagne sont tr\u00e8s bien achaland\u00e9s du bio aux produits classiques \u00e0 des prix hallucinants!<\/p>\n<h4><strong>Carrefour<\/strong><\/h4>\n<p>(\u00e0 17 minutes du Penthouse)<\/p>\n<p>Adresse : Ctra. Crevillente, Km. 34, 400, 03180 Torrevieja, Alicante, Espagne<\/p>\n<p>&nbsp;<\/p>\n<h4><strong>Boucheries Halal<\/strong><\/h4>\n<p>(\u00e0 20 minutes du Penthouse)<\/p>\n<p>Adresses:<\/p>\n<div id=\"main\">\n<div id=\"cnt\" class=\"rfli mdm\">\n<div class=\"BBj6N\">\n<div id=\"rcnt\">\n<div id=\"rhscol\" class=\"col\">\n<div id=\"rhs\">\n<div id=\"rhs_block\" class=\" rhstc5\">\n<div class=\"r-iQ01NBQInINU\">\n<div class=\"iQ01NBQInINU-jWD6pBvCV60 h2yBfgNjGpc__inline-item-view r-iCHXbNZ1_tzw\" data-ved=\"0ahUKEwjZian9lYLiAhVBJlAKHadFCoEQ8UEIdQ\" data-rtid=\"iCHXbNZ1_tzw\">\n<p>&nbsp;<\/p>\n<div id=\"akp_uid_0\" class=\"iwSynchDa_NI-AjwZTeXvKls y yf\" data-jiis=\"up\" data-async-type=\"lcl_akp\">\n<div class=\"immersive-container\">\n<div class=\"akp_uid_0 akp-el\" data-ved=\"2ahUKEwiayYeBloLiAhVPKlAKHY6ICJQQ8kB6BAgBEAA\" data-fid=\"0xd63a98a0bd5c7c5:0x6aeef1f76cf31096\" data-cid=\"7705362057464582294\" data-initial-visibility=\"visible\">\n<div class=\"t3HED\">\n<div class=\"g kno-kp mnr-c g-blk\" lang=\"fr-BE\" data-ved=\"2ahUKEwiayYeBloLiAhVPKlAKHY6ICJQQjh8oAHoECAEQAQ\" data-hveid=\"CAEQAQ\">\n<div class=\"kp-blk knowledge-panel Wnoohf OJXvsb\" data-ved=\"2ahUKEwiayYeBloLiAhVPKlAKHY6ICJQQww0oAHoECAEQAg\" data-hveid=\"CAEQAg\">\n<div class=\"xpdopen\">\n<div class=\"ifM9O\">\n<div data-ved=\"2ahUKEwiayYeBloLiAhVPKlAKHY6ICJQQ_xd6BAgBEAM\">\n<div class=\"SALvLe\">\n<div class=\"i4J0ge\">\n<div class=\"EfDVh mod\" lang=\"fr-BE\" data-ved=\"2ahUKEwiayYeBloLiAhVPKlAKHY6ICJQQkCkoAjADegQIARAg\" data-hveid=\"CAEQIA\" data-md=\"1002\" data-attrid=\"kc:\/location\/location:address\">\n<div class=\"Z1hOCe\">\n<ul>\n<li class=\"zloOqf kno-fb-ctx\" data-ved=\"2ahUKEwiayYeBloLiAhVPKlAKHY6ICJQQghwoADADegQIARAh\" data-local-attribute=\"d3adr\" data-dtype=\"d3ifr\"><span class=\"LrzXr\">Calle Antonio Machado, 71, 03182 Torrevieja, Alicante, Espagne<\/span><\/li>\n<li class=\"zloOqf kno-fb-ctx\" data-ved=\"2ahUKEwiayYeBloLiAhVPKlAKHY6ICJQQghwoADADegQIARAh\" data-local-attribute=\"d3adr\" data-dtype=\"d3ifr\"><span class=\"LrzXr\">Calle los Portalicos, s\/n, 03185 Torrevieja, Alicante, Alicante, Espagne<\/span><\/li>\n<li class=\"zloOqf kno-fb-ctx\" data-ved=\"2ahUKEwiayYeBloLiAhVPKlAKHY6ICJQQghwoADADegQIARAh\" data-local-attribute=\"d3adr\" data-dtype=\"d3ifr\">Calle Apollo n\u00b087, 03182 Torrevieja<\/li>\n<\/ul>\n<\/div>\n<\/div>\n<\/div>\n<\/div>\n<\/div>\n<\/div>\n<\/div>\n<\/div>\n<\/div>\n<\/div>\n<\/div>\n<\/div>\n<\/div>\n<p><strong style=\"font-size: 27px;\">Epicerie El Raso<\/strong><\/p>\n<\/div>\n<\/div>\n<\/div>\n<\/div>\n<\/div>\n<\/div>\n<\/div>\n<\/div>\n<\/div>\n<p>(\u00e0 5 minutes du Penthouse)<\/p>\n<p>Petit \u00e9picerie pour d\u00e9panner \u00e0 l&rsquo;entr\u00e9e du quartier El Raso (Camino El Raso)<\/p>\n<h4><strong>Centre Commercial la Zenia Boulevard<\/strong><\/h4>\n<p>(\u00e0 20 minutes du Penthouse)<\/p>\n<p>Un centre commercial o\u00f9 on y trouve toutes les boutiques (Decathlon, El Campo (Auchan) , MediaMarkt, Leroy Merlin, Massimo Dutti, Zara, etc) beaucoup de restaurants mais surtout des fast-foods (meme v\u00e9g\u00e9tarien \ud83d\udc4d) Le parc pour enfants avec ses fontaines, super quand il fait trop chaud pour aller \u00e0 la plage.<\/p>\n<p><img decoding=\"async\" loading=\"lazy\" class=\"alignnone size-medium wp-image-613\" src=\"http:\/\/oasisbeach-xi.be\/wp-content\/uploads\/2019\/04\/IMG_20190216_212054-300x300.jpg\" alt=\"\" width=\"300\" height=\"300\" srcset=\"http:\/\/oasisbeach-xi.be\/wp-content\/uploads\/2019\/04\/IMG_20190216_212054-300x300.jpg 300w, http:\/\/oasisbeach-xi.be\/wp-content\/uploads\/2019\/04\/IMG_20190216_212054-150x150.jpg 150w, http:\/\/oasisbeach-xi.be\/wp-content\/uploads\/2019\/04\/IMG_20190216_212054-768x768.jpg 768w, http:\/\/oasisbeach-xi.be\/wp-content\/uploads\/2019\/04\/IMG_20190216_212054-1024x1024.jpg 1024w, http:\/\/oasisbeach-xi.be\/wp-content\/uploads\/2019\/04\/IMG_20190216_212054.jpg 1564w\" sizes=\"(max-width: 300px) 100vw, 300px\" \/><\/p>\n<p><a href=\"https:\/\/zeniaboulevard.es\/en\/home\">https:\/\/zeniaboulevard.es\/en\/home<\/a><\/p>\n<p><a href=\"https:\/\/fr.tripadvisor.be\/Attraction_Review-g3604892-d4332453-Reviews-Zenia_Boulevard-Orihuela_Province_of_Alicante_Valencian_Country.html\">https:\/\/fr.tripadvisor.be\/Attraction_Review-g3604892-d4332453-Reviews-Zenia_Boulevard-Orihuela_Province_of_Alicante_Valencian_Country.html<\/a><\/p>\n<h4><strong>Tr\u00e8s Bient\u00f4t &#8230;.<\/strong><\/h4>\n<p>Un centre commercial \u00e0 c\u00f4t\u00e9 du penthouse est en construction fin des travaux pr\u00e9vu cet \u00e9t\u00e9 2019.<\/p>\n","protected":false},"excerpt":{"rendered":"<p>Vous trouverez tous les grands supermarch\u00e9s (Carrefour, Lidl, Mercadona, Al Campo (Auchan),&#8230;) ouverts \u00e0 des heures tardives et m\u00eame les dimanches! Lidl (\u00e0 15 minutes du Penthouse) Adresse : Calle Mar Cantabrico, 13, 03177 San Fulgencio, Alicante, Espagne Les Lidl en Espagne sont tr\u00e8s bien achaland\u00e9s du bio aux produits classiques \u00e0 des prix hallucinants! &hellip; <\/p>\n<p class=\"link-more\"><a href=\"http:\/\/oasisbeach-xi.be\/index.php\/commerces\/\" class=\"more-link\">Continuer la lecture<span class=\"screen-reader-text\"> de &laquo;&nbsp;Commerces&nbsp;&raquo;<\/span><\/a><\/p>\n","protected":false},"author":1,"featured_media":0,"parent":0,"menu_order":0,"comment_status":"closed","ping_status":"closed","template":"","meta":[],"_links":{"self":[{"href":"http:\/\/oasisbeach-xi.be\/index.php\/wp-json\/wp\/v2\/pages\/641"}],"collection":[{"href":"http:\/\/oasisbeach-xi.be\/index.php\/wp-json\/wp\/v2\/pages"}],"about":[{"href":"http:\/\/oasisbeach-xi.be\/index.php\/wp-json\/wp\/v2\/types\/page"}],"author":[{"embeddable":true,"href":"http:\/\/oasisbeach-xi.be\/index.php\/wp-json\/wp\/v2\/users\/1"}],"replies":[{"embeddable":true,"href":"http:\/\/oasisbeach-xi.be\/index.php\/wp-json\/wp\/v2\/comments?post=641"}],"version-history":[{"count":10,"href":"http:\/\/oasisbeach-xi.be\/index.php\/wp-json\/wp\/v2\/pages\/641\/revisions"}],"predecessor-version":[{"id":749,"href":"http:\/\/oasisbeach-xi.be\/index.php\/wp-json\/wp\/v2\/pages\/641\/revisions\/749"}],"wp:attachment":[{"href":"http:\/\/oasisbeach-xi.be\/index.php\/wp-json\/wp\/v2\/media?parent=641"}],"curies":[{"name":"wp","href":"https:\/\/api.w.org\/{rel}","templated":true}]}}